{"id":3,"date":"2022-11-30T08:38:08","date_gmt":"2022-11-30T08:38:08","guid":{"rendered":"https:\/\/calgatgarrotxa.com\/?page_id=3"},"modified":"2024-04-27T17:11:00","modified_gmt":"2024-04-27T17:11:00","slug":"politica-de-privacidad","status":"publish","type":"page","link":"https:\/\/calgatgarrotxa.com\/es\/politica-de-privacitat\/","title":{"rendered":"pol\u00edtica de privacidad"},"content":{"rendered":"<h2 class=\"wp-block-heading\">Who we are<\/h2><p><strong class=\"privacy-policy-tutorial\">Sugerido texto: <\/strong>Our website address is: https:\/\/calgatgarrotxa.com.<\/p><h2 class=\"wp-block-heading\">Comments<\/h2><p><strong class=\"privacy-policy-tutorial\">Sugerido texto: <\/strong>Las visitas leave comentaris en el sitio web que recogen fechas se muestran en los comentarios completos, y tambi\u00e9n en los visitores IP address and browser user agent string to help spam detection.<\/p><p>Anonymized string created from your e-mail address (alas called a hash) puede ser providido a la grabaci\u00f3n de servicio para obtener y se puede utilizar. The Gravatar service privacy policy es disponible here: https:\/\/automattic.com\/privacy\/. After approval de su comentario, su profile de imagen es visible en el p\u00fablico en el contexto de su comentario.<\/p><h2 class=\"wp-block-heading\">Media<\/h2><p><strong class=\"privacy-policy-tutorial\">Sugerido texto: <\/strong>Cuando upload images en el sitio web, te has obligado a uploading images con embedded location data (EXIF GPS) incluido. Visitores para el sitio web se puede descargar y extraer un a\u00f1o para fecha de im\u00e1genes en el sitio web.<\/p><h2 class=\"wp-block-heading\">Cookies<\/h2><p><strong class=\"privacy-policy-tutorial\">Sugerido texto: <\/strong>If you leave a comentario en el que el sitio estuvo opt-in a saving su nombre, email address y website en cookies. There are for your convenience son que el no puede haber hijo en tu detalle again when you leave another comment. Las cookies se deben a un a\u00f1o.<\/p><p>Has visitado la p\u00e1gina web, que ha sido instalada en una cookie temprana para determinar y su navegador acepta cookies. Estas cookies no son personales personalizadas y se discardan cuando se close su navegador.<\/p><p>Para que se encuentre en, se puede instalar una serie de cookies en la que se puede obtener una nueva informaci\u00f3n de informaci\u00f3n y su screen display choices. Login cookies last para 2 d\u00edas, y se crean opciones cookies last para year. Para seleccionar &quot;Remember Me&quot;, su nombre de usuario ha persistido para 2 weeks. Cuando usted consiga un account, las logines cookies deben removerse.<\/p><p>Cuando edit\u00f3 o publishe un art\u00edculo, una adici\u00f3n de cookie debe ser savedada en su navegador. Esta cookie incluye no personal fecha y simplemente indica el post ID de art\u00edculo y justo editado. It expiras after 1 day.<\/p><h2 class=\"wp-block-heading\">Embedded content from other websites<\/h2><p><strong class=\"privacy-policy-tutorial\">Sugerido texto: <\/strong>Art\u00edculos donde este sitio include embedded content (eg videos, im\u00e1genes, art\u00edculos, etc.). Embedded content from other websites behaves en el exacto de la misma manera que el visitante ha visitado el other website.<\/p><p>Thes website collect data sobre tu, use cookies, embeded adicional third-party tracking, y monitor su interacci\u00f3n s that embedded content, including tracking your interacci\u00f3n s embedded content you have account and logged in to web.<\/p><h2 class=\"wp-block-heading\">Who we share your data with<\/h2><p><strong class=\"privacy-policy-tutorial\">Sugerido texto: <\/strong>Cuando requiera un password reset, su IP address se incluye en el reset email.<\/p><h2 class=\"wp-block-heading\">How long we retain your data<\/h2><p><strong class=\"privacy-policy-tutorial\">Sugerido texto: <\/strong>Cuando leave comment, el comentario y su metadata se retained indefinitely. Este es un recognize y approve a\u00f1o.<\/p><p>Los usuarios que registran en nuestro sitio web (y al a\u00f1o), tambi\u00e9n tienen el personal de informaci\u00f3n que providen en sus usuarios profile. All users can see, edit, or delete their personal information at any time (excepto they cannot change their username). Website administrators can tambi\u00e9n see and edit that information.<\/p><h2 class=\"wp-block-heading\">What rights you have over your data<\/h2><p><strong class=\"privacy-policy-tutorial\">Sugerido texto: <\/strong>Cuando usted ha recurrido a este sitio, o hab\u00eda varios comentarios, ha sido requirido a recibir un exportado archivo de la personalidad de la fecha que ha sido you, incluyendo el a\u00f1o de fecha y ha sido providado por usted. You can also request that we erase a\u00f1o personal fecha we hold about you. Estas no incluyen a\u00f1o a fecha que se obligan a administrar, legal, o seguridad purposas.<\/p><h2 class=\"wp-block-heading\">Where your data is siente<\/h2><p><strong class=\"privacy-policy-tutorial\">Sugerido texto: <\/strong>Visitor comments puede ser checked through automated spam detection service.<\/p>","protected":false},"excerpt":{"rendered":"<p>Who we are Sugerido texto: Our website address is: https:\/\/calgatgarrotxa.com. Comments Suggested text: Los visitores leave comments en el sitio de la colecci\u00f3n de la fecha muestran los comments form, y tambi\u00e9n en el visitor&#039;s IP address and browser user agent string to help spam detection. Anonymized string created from your email address (also called a<br \/><a class=\"moretag\" href=\"https:\/\/calgatgarrotxa.com\/es\/politica-de-privacitat\/\">+ M\u00e1s informaci\u00f3n<\/a><\/p>","protected":false},"author":1,"featured_media":0,"parent":0,"menu_order":0,"comment_status":"closed","ping_status":"closed","template":"template_parts\/page-nocontent_template.php","meta":{"footnotes":""},"class_list":["post-3","page","type-page","status-publish","hentry"],"_links":{"self":[{"href":"https:\/\/calgatgarrotxa.com\/es\/wp-json\/wp\/v2\/pages\/3","targetHints":{"allow":["GET"]}}],"collection":[{"href":"https:\/\/calgatgarrotxa.com\/es\/wp-json\/wp\/v2\/pages"}],"about":[{"href":"https:\/\/calgatgarrotxa.com\/es\/wp-json\/wp\/v2\/types\/page"}],"author":[{"embeddable":true,"href":"https:\/\/calgatgarrotxa.com\/es\/wp-json\/wp\/v2\/users\/1"}],"replies":[{"embeddable":true,"href":"https:\/\/calgatgarrotxa.com\/es\/wp-json\/wp\/v2\/comments?post=3"}],"version-history":[{"count":1,"href":"https:\/\/calgatgarrotxa.com\/es\/wp-json\/wp\/v2\/pages\/3\/revisions"}],"predecessor-version":[{"id":86,"href":"https:\/\/calgatgarrotxa.com\/es\/wp-json\/wp\/v2\/pages\/3\/revisions\/86"}],"wp:attachment":[{"href":"https:\/\/calgatgarrotxa.com\/es\/wp-json\/wp\/v2\/media?parent=3"}],"curies":[{"name":"wp","href":"https:\/\/api.w.org\/{rel}","templated":true}]}}